{"id":424,"date":"2024-02-08T18:05:18","date_gmt":"2024-02-08T17:05:18","guid":{"rendered":"https:\/\/godistribuidores.com\/?page_id=424"},"modified":"2024-11-16T23:02:55","modified_gmt":"2024-11-16T22:02:55","slug":"home-login","status":"publish","type":"page","link":"https:\/\/godistribuidores.com\/","title":{"rendered":"Home &#8211; Escuela de l\u00edderes"},"content":{"rendered":"\t\t<div data-elementor-type=\"wp-page\" data-elementor-id=\"424\" class=\"elementor elementor-424\" data-elementor-post-type=\"page\">\n\t\t\t\t<div class=\"elementor-element elementor-element-e9a4055 e-flex e-con-boxed e-con e-parent\" data-id=\"e9a4055\" data-element_type=\"container\" data-settings=\"{&quot;background_background&quot;:&quot;classic&quot;}\">\n\t\t\t\t\t<div class=\"e-con-inner\">\n\t\t\t\t<div class=\"elementor-element elementor-element-9a440aa elementor-widget elementor-widget-image\" data-id=\"9a440aa\" data-element_type=\"widget\" data-widget_type=\"image.default\">\n\t\t\t\t<div class=\"elementor-widget-container\">\n\t\t\t\t\t\t\t\t\t\t\t\t\t<img fetchpriority=\"high\" decoding=\"async\" width=\"468\" height=\"154\" src=\"https:\/\/godistribuidores.com\/godistribuidores_recursos\/2024\/02\/Logo-monocromatico.png\" class=\"attachment-large size-large wp-image-2331\" alt=\"\" srcset=\"https:\/\/godistribuidores.com\/godistribuidores_recursos\/2024\/02\/Logo-monocromatico.png 468w, https:\/\/godistribuidores.com\/godistribuidores_recursos\/2024\/02\/Logo-monocromatico-300x99.png 300w\" sizes=\"(max-width: 468px) 100vw, 468px\" \/>\t\t\t\t\t\t\t\t\t\t\t\t\t<\/div>\n\t\t\t\t<\/div>\n\t\t\t\t\t<\/div>\n\t\t\t\t<\/div>\n\t\t<div class=\"elementor-element elementor-element-bf5db07 e-flex e-con-boxed e-con e-parent\" data-id=\"bf5db07\" data-element_type=\"container\">\n\t\t\t\t\t<div class=\"e-con-inner\">\n\t\t<div class=\"elementor-element elementor-element-47848c2 e-con-full e-flex e-con e-child\" data-id=\"47848c2\" data-element_type=\"container\">\n\t\t\t\t<div class=\"elementor-element elementor-element-d6bb481 elementor-align-center elementor-invisible elementor-widget elementor-widget-lottie\" data-id=\"d6bb481\" data-element_type=\"widget\" data-settings=\"{&quot;source_json&quot;:{&quot;url&quot;:&quot;https:\\\/\\\/godistribuidores.com\\\/wp-content\\\/uploads\\\/2024\\\/02\\\/Animation-1690753616263.json&quot;,&quot;id&quot;:2342,&quot;size&quot;:&quot;&quot;,&quot;alt&quot;:&quot;&quot;,&quot;source&quot;:&quot;library&quot;},&quot;loop&quot;:&quot;yes&quot;,&quot;_animation&quot;:&quot;fadeInUp&quot;,&quot;source&quot;:&quot;media_file&quot;,&quot;caption_source&quot;:&quot;none&quot;,&quot;link_to&quot;:&quot;none&quot;,&quot;trigger&quot;:&quot;arriving_to_viewport&quot;,&quot;viewport&quot;:{&quot;unit&quot;:&quot;%&quot;,&quot;size&quot;:&quot;&quot;,&quot;sizes&quot;:{&quot;start&quot;:0,&quot;end&quot;:100}},&quot;play_speed&quot;:{&quot;unit&quot;:&quot;px&quot;,&quot;size&quot;:1,&quot;sizes&quot;:[]},&quot;start_point&quot;:{&quot;unit&quot;:&quot;%&quot;,&quot;size&quot;:0,&quot;sizes&quot;:[]},&quot;end_point&quot;:{&quot;unit&quot;:&quot;%&quot;,&quot;size&quot;:100,&quot;sizes&quot;:[]},&quot;renderer&quot;:&quot;svg&quot;}\" data-widget_type=\"lottie.default\">\n\t\t\t\t<div class=\"elementor-widget-container\">\n\t\t\t<div class=\"e-lottie__container\"><div class=\"e-lottie__animation\"><\/div><\/div>\t\t<\/div>\n\t\t\t\t<\/div>\n\t\t\t\t<div class=\"elementor-element elementor-element-58db38c elementor-widget elementor-widget-text-editor\" data-id=\"58db38c\" data-element_type=\"widget\" data-settings=\"{&quot;_animation_mobile&quot;:&quot;bounceInDown&quot;}\" data-widget_type=\"text-editor.default\">\n\t\t\t\t<div class=\"elementor-widget-container\">\n\t\t\t\t\t\t\t<h1><span style=\"color: #00ccff;\"><strong>\u00a1Bienvenido a la escuela de l\u00edderes de Go Company!<\/strong><\/span><\/h1><p style=\"text-align: justify;\"><span style=\"color: #ffffff;\">Aqu\u00ed encontrar\u00e1s recursos de aprendizaje de alta calidad dise\u00f1ados para tu desarrollo profesional. Explora nuestra amplia gama de cursos y avanza en tu carrera con nosotros. <\/span><\/p><p style=\"text-align: justify;\"><span style=\"color: #ffffff;\">\u00a1Estamos emocionados de acompa\u00f1arte en tu viaje de aprendizaje!<\/span><\/p>\t\t\t\t\t\t<\/div>\n\t\t\t\t<\/div>\n\t\t\t\t<\/div>\n\t\t<div class=\"elementor-element elementor-element-985a88c e-con-full e-flex e-con e-child\" data-id=\"985a88c\" data-element_type=\"container\">\n\t\t\t\t<div class=\"elementor-element elementor-element-0adaded elementor-widget elementor-widget-image\" data-id=\"0adaded\" data-element_type=\"widget\" data-settings=\"{&quot;_animation_mobile&quot;:&quot;fadeInUp&quot;}\" data-widget_type=\"image.default\">\n\t\t\t\t<div class=\"elementor-widget-container\">\n\t\t\t\t\t\t\t\t\t\t\t\t\t<img decoding=\"async\" width=\"888\" height=\"1024\" src=\"https:\/\/godistribuidores.com\/godistribuidores_recursos\/2024\/02\/Diseno-sin-titulo-45-888x1024.png\" class=\"attachment-large size-large wp-image-2049\" alt=\"\" srcset=\"https:\/\/godistribuidores.com\/godistribuidores_recursos\/2024\/02\/Diseno-sin-titulo-45-888x1024.png 888w, https:\/\/godistribuidores.com\/godistribuidores_recursos\/2024\/02\/Diseno-sin-titulo-45-260x300.png 260w, https:\/\/godistribuidores.com\/godistribuidores_recursos\/2024\/02\/Diseno-sin-titulo-45-768x886.png 768w, https:\/\/godistribuidores.com\/godistribuidores_recursos\/2024\/02\/Diseno-sin-titulo-45.png 1080w\" sizes=\"(max-width: 888px) 100vw, 888px\" \/>\t\t\t\t\t\t\t\t\t\t\t\t\t<\/div>\n\t\t\t\t<\/div>\n\t\t\t\t<\/div>\n\t\t\t\t\t<\/div>\n\t\t\t\t<\/div>\n\t\t<div class=\"elementor-element elementor-element-21c1556 e-flex e-con-boxed e-con e-parent\" data-id=\"21c1556\" data-element_type=\"container\">\n\t\t\t\t\t<div class=\"e-con-inner\">\n\t\t<div class=\"elementor-element elementor-element-f4d54f6 e-con-full e-flex e-con e-child\" data-id=\"f4d54f6\" data-element_type=\"container\">\n\t\t\t\t<div class=\"elementor-element elementor-element-d1032aa elementor-invisible elementor-widget elementor-widget-heading\" data-id=\"d1032aa\" data-element_type=\"widget\" data-settings=\"{&quot;_animation&quot;:&quot;zoomInUp&quot;}\" data-widget_type=\"heading.default\">\n\t\t\t\t<div class=\"elementor-widget-container\">\n\t\t\t<h1 class=\"elementor-heading-title elementor-size-default\">\u00a1Te guiamos para escalar tu negocio!<\/h1>\t\t<\/div>\n\t\t\t\t<\/div>\n\t\t\t\t<div class=\"elementor-element elementor-element-ea97155 elementor-widget elementor-widget-text-editor\" data-id=\"ea97155\" data-element_type=\"widget\" data-widget_type=\"text-editor.default\">\n\t\t\t\t<div class=\"elementor-widget-container\">\n\t\t\t\t\t\t\t<p><span style=\"font-family: gotich; color: #00ccff;\">Nuestra meta es educar a nuestros m\u00e1s de 1.000 dropshippers y aliados de la marca Go Company<\/span><\/p>\t\t\t\t\t\t<\/div>\n\t\t\t\t<\/div>\n\t\t\t\t<\/div>\n\t\t<div class=\"elementor-element elementor-element-7264294 e-con-full e-flex e-con e-child\" data-id=\"7264294\" data-element_type=\"container\">\n\t\t\t\t<div class=\"elementor-element elementor-element-f33eddd elementor-skin-coverflow elementor-arrows-yes elementor-pagination-type-bullets elementor-pagination-position-outside elementor-widget elementor-widget-media-carousel\" data-id=\"f33eddd\" data-element_type=\"widget\" data-settings=\"{&quot;slides_to_scroll&quot;:&quot;2&quot;,&quot;space_between&quot;:{&quot;unit&quot;:&quot;px&quot;,&quot;size&quot;:0,&quot;sizes&quot;:[]},&quot;skin&quot;:&quot;coverflow&quot;,&quot;show_arrows&quot;:&quot;yes&quot;,&quot;pagination&quot;:&quot;bullets&quot;,&quot;speed&quot;:500,&quot;autoplay&quot;:&quot;yes&quot;,&quot;autoplay_speed&quot;:5000,&quot;loop&quot;:&quot;yes&quot;,&quot;pause_on_hover&quot;:&quot;yes&quot;,&quot;pause_on_interaction&quot;:&quot;yes&quot;,&quot;space_between_tablet&quot;:{&quot;unit&quot;:&quot;px&quot;,&quot;size&quot;:10,&quot;sizes&quot;:[]},&quot;space_between_mobile&quot;:{&quot;unit&quot;:&quot;px&quot;,&quot;size&quot;:10,&quot;sizes&quot;:[]}}\" data-widget_type=\"media-carousel.default\">\n\t\t\t\t<div class=\"elementor-widget-container\">\n\t\t\t\t\t<div class=\"elementor-swiper\">\n\t\t\t<div class=\"elementor-main-swiper swiper\">\n\t\t\t\t<div class=\"swiper-wrapper\">\n\t\t\t\t\t\t\t\t\t\t\t<div class=\"swiper-slide\">\n\t\t\t\t\t\t\t<a href=\"https:\/\/godistribuidores.com\/index.php\/courses\/modulo-1\/\">\t\t<div class=\"elementor-carousel-image\" role=\"img\" aria-label=\"introducci\u00f3n a la distribuci\u00f3n Banner Modulo 1_Mesa de trabajo 1\" style=\"background-image: url(&#039;https:\/\/godistribuidores.com\/godistribuidores_recursos\/2024\/02\/introduccion-a-la-distribucion-Banner-Modulo-1_Mesa-de-trabajo-1.png&#039;)\">\n\n\t\t\t\n\t\t\t\t\t<\/div>\n\t\t<\/a>\t\t\t\t\t\t<\/div>\n\t\t\t\t\t\t\t\t\t\t\t<div class=\"swiper-slide\">\n\t\t\t\t\t\t\t<a href=\"https:\/\/godistribuidores.com\/index.php\/courses\/modulo-2\/\">\t\t<div class=\"elementor-carousel-image\" role=\"img\" aria-label=\"introducci\u00f3n a la distribuci\u00f3n Banner Modulo 2_Mesa de trabajo 1\" style=\"background-image: url(&#039;https:\/\/godistribuidores.com\/godistribuidores_recursos\/2024\/02\/introduccion-a-la-distribucion-Banner-Modulo-2_Mesa-de-trabajo-1.png&#039;)\">\n\n\t\t\t\n\t\t\t\t\t<\/div>\n\t\t<\/a>\t\t\t\t\t\t<\/div>\n\t\t\t\t\t\t\t\t\t\t\t<div class=\"swiper-slide\">\n\t\t\t\t\t\t\t<a href=\"https:\/\/godistribuidores.com\/index.php\/courses\/modulo-3\/\">\t\t<div class=\"elementor-carousel-image\" role=\"img\" aria-label=\"introducci\u00f3n a la distribuci\u00f3n Banner Modulo 3_Mesa de trabajo 1\" style=\"background-image: url(&#039;https:\/\/godistribuidores.com\/godistribuidores_recursos\/2024\/02\/introduccion-a-la-distribucion-Banner-Modulo-3_Mesa-de-trabajo-1.png&#039;)\">\n\n\t\t\t\n\t\t\t\t\t<\/div>\n\t\t<\/a>\t\t\t\t\t\t<\/div>\n\t\t\t\t\t\t\t\t\t\t\t<div class=\"swiper-slide\">\n\t\t\t\t\t\t\t<a href=\"https:\/\/godistribuidores.com\/index.php\/courses\/modulo-4\/\">\t\t<div class=\"elementor-carousel-image\" role=\"img\" aria-label=\"introducci\u00f3n a la distribuci\u00f3n Banner Modulo 4_Mesa de trabajo 1\" style=\"background-image: url(&#039;https:\/\/godistribuidores.com\/godistribuidores_recursos\/2024\/02\/introduccion-a-la-distribucion-Banner-Modulo-4_Mesa-de-trabajo-1.png&#039;)\">\n\n\t\t\t\n\t\t\t\t\t<\/div>\n\t\t<\/a>\t\t\t\t\t\t<\/div>\n\t\t\t\t\t\t\t\t\t\t\t<div class=\"swiper-slide\">\n\t\t\t\t\t\t\t<a href=\"https:\/\/godistribuidores.com\/index.php\/courses\/modulo-5\/\">\t\t<div class=\"elementor-carousel-image\" role=\"img\" aria-label=\"introducci\u00f3n a la distribuci\u00f3n Banner Modulo 5_Mesa de trabajo 1\" style=\"background-image: url(&#039;https:\/\/godistribuidores.com\/godistribuidores_recursos\/2024\/02\/introduccion-a-la-distribucion-Banner-Modulo-5_Mesa-de-trabajo-1.png&#039;)\">\n\n\t\t\t\n\t\t\t\t\t<\/div>\n\t\t<\/a>\t\t\t\t\t\t<\/div>\n\t\t\t\t\t\t\t\t\t\t\t<div class=\"swiper-slide\">\n\t\t\t\t\t\t\t<a href=\"https:\/\/godistribuidores.com\/index.php\/courses\/modulo-6\/\">\t\t<div class=\"elementor-carousel-image\" role=\"img\" aria-label=\"introducci\u00f3n a la distribuci\u00f3n Banner Modulo 6_Mesa de trabajo 1\" style=\"background-image: url(&#039;https:\/\/godistribuidores.com\/godistribuidores_recursos\/2024\/02\/introduccion-a-la-distribucion-Banner-Modulo-6_Mesa-de-trabajo-1.png&#039;)\">\n\n\t\t\t\n\t\t\t\t\t<\/div>\n\t\t<\/a>\t\t\t\t\t\t<\/div>\n\t\t\t\t\t\t\t\t\t\t\t<div class=\"swiper-slide\">\n\t\t\t\t\t\t\t<a href=\"https:\/\/godistribuidores.com\/index.php\/courses\/modulo-7\/\">\t\t<div class=\"elementor-carousel-image\" role=\"img\" aria-label=\"introducci\u00f3n a la distribuci\u00f3n Banner Modulo 7_Mesa de trabajo 1\" style=\"background-image: url(&#039;https:\/\/godistribuidores.com\/godistribuidores_recursos\/2024\/02\/introduccion-a-la-distribucion-Banner-Modulo-7_Mesa-de-trabajo-1.png&#039;)\">\n\n\t\t\t\n\t\t\t\t\t<\/div>\n\t\t<\/a>\t\t\t\t\t\t<\/div>\n\t\t\t\t\t\t\t\t\t<\/div>\n\t\t\t\t\t\t\t\t\t\t\t\t\t\t\t<div class=\"swiper-pagination\"><\/div>\n\t\t\t\t\t\t\t\t\t\t\t\t\t\t\t\t<div class=\"elementor-swiper-button elementor-swiper-button-prev\" role=\"button\" tabindex=\"0\">\n\t\t\t\t\t\t\t<svg aria-hidden=\"true\" class=\"e-font-icon-svg e-eicon-chevron-left\" viewBox=\"0 0 1000 1000\" xmlns=\"http:\/\/www.w3.org\/2000\/svg\"><path d=\"M646 125C629 125 613 133 604 142L308 442C296 454 292 471 292 487 292 504 296 521 308 533L604 854C617 867 629 875 646 875 663 875 679 871 692 858 704 846 713 829 713 812 713 796 708 779 692 767L438 487 692 225C700 217 708 204 708 187 708 171 704 154 692 142 675 129 663 125 646 125Z\"><\/path><\/svg>\t\t\t\t\t\t\t<span class=\"elementor-screen-only\">Previous<\/span>\n\t\t\t\t\t\t<\/div>\n\t\t\t\t\t\t<div class=\"elementor-swiper-button elementor-swiper-button-next\" role=\"button\" tabindex=\"0\">\n\t\t\t\t\t\t\t<svg aria-hidden=\"true\" class=\"e-font-icon-svg e-eicon-chevron-right\" viewBox=\"0 0 1000 1000\" xmlns=\"http:\/\/www.w3.org\/2000\/svg\"><path d=\"M696 533C708 521 713 504 713 487 713 471 708 454 696 446L400 146C388 133 375 125 354 125 338 125 325 129 313 142 300 154 292 171 292 187 292 204 296 221 308 233L563 492 304 771C292 783 288 800 288 817 288 833 296 850 308 863 321 871 338 875 354 875 371 875 388 867 400 854L696 533Z\"><\/path><\/svg>\t\t\t\t\t\t\t<span class=\"elementor-screen-only\">Next<\/span>\n\t\t\t\t\t\t<\/div>\n\t\t\t\t\t\t\t\t\t\t\t\t<\/div>\n\t\t<\/div>\n\t\t\t\t<\/div>\n\t\t\t\t<\/div>\n\t\t\t\t<\/div>\n\t\t\t\t\t<\/div>\n\t\t\t\t<\/div>\n\t\t<div class=\"elementor-element elementor-element-a630986 e-flex e-con-boxed e-con e-parent\" data-id=\"a630986\" data-element_type=\"container\">\n\t\t\t\t\t<div class=\"e-con-inner\">\n\t\t<div class=\"elementor-element elementor-element-fc656a3 e-con-full e-flex e-con e-child\" data-id=\"fc656a3\" data-element_type=\"container\">\n\t\t\t\t<div class=\"elementor-element elementor-element-c0a8793 elementor-widget elementor-widget-image\" data-id=\"c0a8793\" data-element_type=\"widget\" data-widget_type=\"image.default\">\n\t\t\t\t<div class=\"elementor-widget-container\">\n\t\t\t\t\t\t\t\t\t\t\t\t\t<img decoding=\"async\" width=\"468\" height=\"154\" src=\"https:\/\/godistribuidores.com\/godistribuidores_recursos\/2024\/02\/Logo-ECL.png\" class=\"attachment-large size-large wp-image-2033\" alt=\"\" srcset=\"https:\/\/godistribuidores.com\/godistribuidores_recursos\/2024\/02\/Logo-ECL.png 468w, https:\/\/godistribuidores.com\/godistribuidores_recursos\/2024\/02\/Logo-ECL-300x99.png 300w\" sizes=\"(max-width: 468px) 100vw, 468px\" \/>\t\t\t\t\t\t\t\t\t\t\t\t\t<\/div>\n\t\t\t\t<\/div>\n\t\t\t\t<div class=\"elementor-element elementor-element-1c24752 elementor-widget elementor-widget-text-editor\" data-id=\"1c24752\" data-element_type=\"widget\" data-widget_type=\"text-editor.default\">\n\t\t\t\t<div class=\"elementor-widget-container\">\n\t\t\t\t\t\t\t<p><span style=\"color: #000000;\">\u00a0Miami &#8211; Florida<\/span><\/p>\t\t\t\t\t\t<\/div>\n\t\t\t\t<\/div>\n\t\t\t\t<\/div>\n\t\t<div class=\"elementor-element elementor-element-85fb0bb e-con-full e-flex e-con e-child\" data-id=\"85fb0bb\" data-element_type=\"container\">\n\t\t\t\t<div class=\"elementor-element elementor-element-13d9162 elementor-widget elementor-widget-text-editor\" data-id=\"13d9162\" data-element_type=\"widget\" data-widget_type=\"text-editor.default\">\n\t\t\t\t<div class=\"elementor-widget-container\">\n\t\t\t\t\t\t\t<p><span style=\"color: #000000;\">Recursos<\/span><\/p><p>Blog de l\u00edderes<\/p><p>Apps de l\u00edderes<\/p><p>Escuela de l\u00edderes<\/p>\t\t\t\t\t\t<\/div>\n\t\t\t\t<\/div>\n\t\t\t\t<\/div>\n\t\t<div class=\"elementor-element elementor-element-7800be0 e-con-full e-flex e-con e-child\" data-id=\"7800be0\" data-element_type=\"container\">\n\t\t\t\t<div class=\"elementor-element elementor-element-34c8665 elementor-widget elementor-widget-text-editor\" data-id=\"34c8665\" data-element_type=\"widget\" data-widget_type=\"text-editor.default\">\n\t\t\t\t<div class=\"elementor-widget-container\">\n\t\t\t\t\t\t\t<p><span style=\"color: #000000;\">\u00bfHablamos?<\/span><\/p>\t\t\t\t\t\t<\/div>\n\t\t\t\t<\/div>\n\t\t\t\t<div class=\"elementor-element elementor-element-e92da50 elementor-mobile-align-center elementor-widget elementor-widget-button\" data-id=\"e92da50\" data-element_type=\"widget\" data-widget_type=\"button.default\">\n\t\t\t\t<div class=\"elementor-widget-container\">\n\t\t\t\t\t\t\t<div class=\"elementor-button-wrapper\">\n\t\t\t\t\t<a class=\"elementor-button elementor-button-link elementor-size-lg\" href=\"tel:+15614311138\">\n\t\t\t\t\t\t<span class=\"elementor-button-content-wrapper\">\n\t\t\t\t\t\t<span class=\"elementor-button-icon\">\n\t\t\t\t<svg aria-hidden=\"true\" class=\"e-font-icon-svg e-fab-whatsapp\" viewBox=\"0 0 448 512\" xmlns=\"http:\/\/www.w3.org\/2000\/svg\"><path d=\"M380.9 97.1C339 55.1 283.2 32 223.9 32c-122.4 0-222 99.6-222 222 0 39.1 10.2 77.3 29.6 111L0 480l117.7-30.9c32.4 17.7 68.9 27 106.1 27h.1c122.3 0 224.1-99.6 224.1-222 0-59.3-25.2-115-67.1-157zm-157 341.6c-33.2 0-65.7-8.9-94-25.7l-6.7-4-69.8 18.3L72 359.2l-4.4-7c-18.5-29.4-28.2-63.3-28.2-98.2 0-101.7 82.8-184.5 184.6-184.5 49.3 0 95.6 19.2 130.4 54.1 34.8 34.9 56.2 81.2 56.1 130.5 0 101.8-84.9 184.6-186.6 184.6zm101.2-138.2c-5.5-2.8-32.8-16.2-37.9-18-5.1-1.9-8.8-2.8-12.5 2.8-3.7 5.6-14.3 18-17.6 21.8-3.2 3.7-6.5 4.2-12 1.4-32.6-16.3-54-29.1-75.5-66-5.7-9.8 5.7-9.1 16.3-30.3 1.8-3.7.9-6.9-.5-9.7-1.4-2.8-12.5-30.1-17.1-41.2-4.5-10.8-9.1-9.3-12.5-9.5-3.2-.2-6.9-.2-10.6-.2-3.7 0-9.7 1.4-14.8 6.9-5.1 5.6-19.4 19-19.4 46.3 0 27.3 19.9 53.7 22.6 57.4 2.8 3.7 39.1 59.7 94.8 83.8 35.2 15.2 49 16.5 66.6 13.9 10.7-1.6 32.8-13.4 37.4-26.4 4.6-13 4.6-24.1 3.2-26.4-1.3-2.5-5-3.9-10.5-6.6z\"><\/path><\/svg>\t\t\t<\/span>\n\t\t\t\t\t\t\t\t\t<span class=\"elementor-button-text\">+1 561 431-1138<\/span>\n\t\t\t\t\t<\/span>\n\t\t\t\t\t<\/a>\n\t\t\t\t<\/div>\n\t\t\t\t\t\t<\/div>\n\t\t\t\t<\/div>\n\t\t\t\t<\/div>\n\t\t\t\t\t<\/div>\n\t\t\t\t<\/div>\n\t\t\t\t<\/div>\n\t\t","protected":false},"excerpt":{"rendered":"<p>\u00a1Bienvenido a la escuela de l\u00edderes de Go Company! Aqu\u00ed encontrar\u00e1s recursos de aprendizaje de alta calidad dise\u00f1ados para tu desarrollo profesional. Explora nuestra amplia gama de cursos y avanza en tu carrera con nosotros. \u00a1Estamos emocionados de acompa\u00f1arte en tu viaje de aprendizaje! \u00a1Te guiamos para escalar tu negocio! Nuestra meta es educar a [&hellip;]<\/p>\n","protected":false},"author":1,"featured_media":0,"parent":0,"menu_order":0,"comment_status":"closed","ping_status":"closed","template":"elementor_canvas","meta":{"footnotes":""},"class_list":["post-424","page","type-page","status-publish","hentry"],"_links":{"self":[{"href":"https:\/\/godistribuidores.com\/index.php\/wp-json\/wp\/v2\/pages\/424","targetHints":{"allow":["GET"]}}],"collection":[{"href":"https:\/\/godistribuidores.com\/index.php\/wp-json\/wp\/v2\/pages"}],"about":[{"href":"https:\/\/godistribuidores.com\/index.php\/wp-json\/wp\/v2\/types\/page"}],"author":[{"embeddable":true,"href":"https:\/\/godistribuidores.com\/index.php\/wp-json\/wp\/v2\/users\/1"}],"replies":[{"embeddable":true,"href":"https:\/\/godistribuidores.com\/index.php\/wp-json\/wp\/v2\/comments?post=424"}],"version-history":[{"count":160,"href":"https:\/\/godistribuidores.com\/index.php\/wp-json\/wp\/v2\/pages\/424\/revisions"}],"predecessor-version":[{"id":7560,"href":"https:\/\/godistribuidores.com\/index.php\/wp-json\/wp\/v2\/pages\/424\/revisions\/7560"}],"wp:attachment":[{"href":"https:\/\/godistribuidores.com\/index.php\/wp-json\/wp\/v2\/media?parent=424"}],"curies":[{"name":"wp","href":"https:\/\/api.w.org\/{rel}","templated":true}]}}